{"id":1334,"date":"2022-11-10T18:30:55","date_gmt":"2022-11-10T18:30:55","guid":{"rendered":"https:\/\/www.miq-ca.com\/?page_id=1334"},"modified":"2023-08-08T15:31:53","modified_gmt":"2023-08-08T19:31:53","slug":"news","status":"publish","type":"page","link":"https:\/\/www.miq-ca.com\/en\/news\/","title":{"rendered":"News"},"content":{"rendered":"\t\t<div data-elementor-type=\"wp-page\" data-elementor-id=\"1334\" class=\"elementor elementor-1334 elementor-709\">\n\t\t\t\t\t\t\t\t\t<section class=\"elementor-section elementor-top-section elementor-element elementor-element-d550e11 elementor-section-boxed elementor-section-height-default elementor-section-height-default tf-sticky-section tf-sticky-no\" data-id=\"d550e11\" data-element_type=\"section\" data-settings=\"{&quot;background_background&quot;:&quot;classic&quot;,&quot;tf_sticky&quot;:&quot;no&quot;}\">\n\t\t\t\t\t\t\t<div class=\"elementor-background-overlay\"><\/div>\n\t\t\t\t\t\t\t<div class=\"elementor-container elementor-column-gap-default\">\n\t\t\t\t\t<div class=\"elementor-column elementor-col-100 elementor-top-column elementor-element elementor-element-d0bf2f6\" data-id=\"d0bf2f6\" data-element_type=\"column\">\n\t\t\t<div class=\"elementor-widget-wrap elementor-element-populated\">\n\t\t\t\t\t\t\t\t<div class=\"elementor-element elementor-element-ffabbbf elementor-widget__width-auto elementor-widget elementor-widget-heading\" data-id=\"ffabbbf\" data-element_type=\"widget\" data-widget_type=\"heading.default\">\n\t\t\t\t<div class=\"elementor-widget-container\">\n\t\t\t<p class=\"elementor-heading-title elementor-size-default\"><a href=\"https:\/\/www.miq-ca.com\/en\/\">Home<\/a><\/p>\t\t<\/div>\n\t\t\t\t<\/div>\n\t\t\t\t<div class=\"elementor-element elementor-element-cfd2c41 elementor-widget elementor-widget-heading\" data-id=\"cfd2c41\" data-element_type=\"widget\" data-widget_type=\"heading.default\">\n\t\t\t\t<div class=\"elementor-widget-container\">\n\t\t\t<h1 class=\"elementor-heading-title elementor-size-default\">News<\/h1>\t\t<\/div>\n\t\t\t\t<\/div>\n\t\t\t\t\t<\/div>\n\t\t<\/div>\n\t\t\t\t\t\t\t<\/div>\n\t\t<\/section>\n\t\t\t\t<section class=\"elementor-section elementor-top-section elementor-element elementor-element-5bb82769 elementor-section-boxed elementor-section-height-default elementor-section-height-default tf-sticky-section tf-sticky-no\" data-id=\"5bb82769\" data-element_type=\"section\" data-settings=\"{&quot;tf_sticky&quot;:&quot;no&quot;}\">\n\t\t\t\t\t\t<div class=\"elementor-container elementor-column-gap-default\">\n\t\t\t\t\t<div class=\"elementor-column elementor-col-100 elementor-top-column elementor-element elementor-element-527fa420\" data-id=\"527fa420\" data-element_type=\"column\">\n\t\t\t<div class=\"elementor-widget-wrap elementor-element-populated\">\n\t\t\t\t\t\t\t\t<div class=\"elementor-element elementor-element-426e7d7 home-post elementor-widget elementor-widget-tfposts\" data-id=\"426e7d7\" data-element_type=\"widget\" data-widget_type=\"tfposts.default\">\n\t\t\t\t<div class=\"elementor-widget-container\">\n\t\t\t\t\t<div id=\"tf-posts-426e7d7\" class=\"tf-posts-426e7d7 tf-posts-wrap column-3 tablet-column-1 mobile-column-1  no-arrow no-bullets grid-styles-default featured-post-top  \" data-tabid=\"426e7d7\" data-class_id=\"tf-posts-426e7d7\" data-loop=\"\" data-auto=\"\" data-column=\"\" data-column2=\"\" data-column3=\"\" data-spacer=\"\" data-prev_icon=\"\" data-next_icon=\"\" >\t\t\t\r\n\t\t\t<div class=\"tf-posts  grid\">\t\r\n\t\t\t\t\t\t\t\t\t\t\r\n\t\t\t\t\t\t\t\t<div class=\"column\">\r\n\t\t\t\t\t<div class=\"entry blog-post\">\r\n\t\t\t\t\t\t\t\t\t\t\t\t\t\t\t\t\t\t\t\t\t\t\t\t\t\t\t<div class=\"featured-post\">\r\n\t\t\t\t\t\t\t\t\t\t\t\t<img decoding=\"async\" src=\"https:\/\/www.miq-ca.com\/wp-content\/uploads\/2019\/05\/DSCF8028-1024x453.jpg\" alt=\"image\">\t\t\t\t\t\t\t\t\t\t\t\t\t\t\t\t\t\t\t\t\t\r\n\t\t\t\t\t\t\t\t\t\t\t<\/div>\r\n\t\t\t\t\t\t\t\t\t\t\t\t\t\t\t\t\t\t\t\t\t\t\t<div class=\"box-time\">\r\n\t\t\t\t\t\t\t\t\t\t\t\t\t\t\t\t\t\t\t\t\t\t\t\t\t\t<a href=\"https:\/\/www.miq-ca.com\/en\/2024\/12\/05\/\">\r\n\t\t\t\t\t\t\t\t\t\t\t\t\t\t<span class=\"day\">05<\/span>\r\n\t\t\t\t\t\t\t\t\t\t\t\t\t\t<span class=\"month\">Dec<\/span>\r\n\t\t\t\t\t\t\t\t\t\t\t\t\t<\/a>\r\n\t\t\t\t\t\t\t\t\t\t\t\t<\/div>\r\n\t\t\t\t\t\t\t\t\t\t\t\t\t\t\t\t\t\t\t\t\t\t\r\n\t\t\t\t\t\t\t\t\t\t\t\t\t\t\t\t\t\t\t\t\t\t\t\t\t\t\t\t<div class=\"content\">\r\n\t\t\t\t\t\t\t\t\t\t\t\t\t\t\t\t\t\t\t\t\t\t\t\t\t\t\t\t\t\t\t\t\t<ul class=\"post-meta\">\r\n\t\t\t\t\t\t\t\t\t\t\t\t\t\t\t\t\t\t\t\t\t\t\t\t\t\t<li class=\"post-author\">\r\n\t\t\t\t\t\t\t\t\t\t\t\t\t\t<i class=\"far fa-user-circle\" aria-hidden=\"true\"><\/i>\t\t\t\t\t\t\t\t\t\t\t\t\t\t<a href=\"https:\/\/www.miq-ca.com\/en\/author\/miq\/\">MIQ<\/a>\r\n\t\t\t\t\t\t\t\t\t\t\t\t\t<\/li>\r\n\t\t\t\t\t\t\t\t\t\t\t\t\t\r\n\t\t\t\t\t\t\t\t\t\t\t\t\t\r\n\t\t\t\t\t\t\t\t\t\t\t\t\t\t\t\t\t\t\t\t\t\t\t\t\t\t<li class=\"post-date\">\r\n\t\t\t\t\t\t\t\t\t\t\t\t\t\t\t\t\t\t\t\t\t\t\t\t\t\t\t\t<i class=\"far fa-calendar-alt\" aria-hidden=\"true\"><\/i>\t\t\t\t\t\t\t\t\t\t\t\t\t\t<a href=\"https:\/\/www.miq-ca.com\/en\/2024\/12\/05\/\">5 December 2024<\/a>\r\n\r\n\t\t\t\t\t\t\t\t\t\t\t\t\t<\/li>\t\t\t\t\t\t\t\t\t\t\r\n\t\t\t\t\t\t\t\t\t\t\t\t\t\r\n\t\t\t\t\t\t\t\t\t\t\t\t\t\t\t\t\t\t\t\t\t\t\t\t\t<\/ul>\r\n\t\t\t\t\t\t\t\t\t\t\t\t\t\t\t\t\t\r\n\t\t\t\t\t\t\t\t\t\t\r\n\t\t\t\t\t\t\t\t\t\t\t\t\t\t\t\t\t\t\t\t\t<h2 class=\"title\"><a href=\"https:\/\/www.miq-ca.com\/en\/silica-desposit-acquisition\/\" title=\"MIQ acquires a Silica Deposit\">MIQ acquires a Silica Deposit<\/a><\/h2>\r\n\t\t\t\t\t\t\t\t\t\t\r\n\t\t\t\t\t\t\t\t\t\t\t\t\t\t\t\t\t\t\t\t\t\t\t\t\t\t\t\r\n\t\t\t\t\t\t\t\t\t\t\r\n\t\t\t\t\t\t\t\t\t\t\r\n\t\t\t\t\t\t\t\t\t\t\t\t\t\t\t\t\t\t\t\t\r\n\t\t\t\t\t\t\t\t\t\t\t\t\t\t\t\t\r\n\t\t\t\t\t\t\t\t\t<\/div>\r\n\t\t\t\t\t\t\t\t\t\t\t\t\t\t\t\t\r\n\t\t\t\t\t<\/div>\r\n\t\t\t\t<\/div>\r\n\t\t\t\t\t\t\t\t<div class=\"column\">\r\n\t\t\t\t\t<div class=\"entry blog-post\">\r\n\t\t\t\t\t\t\t\t\t\t\t\t\t\t\t\t\t\t\t\t\t\t\t\t\t\t\t<div class=\"featured-post\">\r\n\t\t\t\t\t\t\t\t\t\t\t\t<img decoding=\"async\" src=\"https:\/\/www.miq-ca.com\/wp-content\/uploads\/2019\/06\/IMG_0349-bis-1024x453.jpg\" alt=\"image\">\t\t\t\t\t\t\t\t\t\t\t\t\t\t\t\t\t\t\t\t\t\r\n\t\t\t\t\t\t\t\t\t\t\t<\/div>\r\n\t\t\t\t\t\t\t\t\t\t\t\t\t\t\t\t\t\t\t\t\t\t\t<div class=\"box-time\">\r\n\t\t\t\t\t\t\t\t\t\t\t\t\t\t\t\t\t\t\t\t\t\t\t\t\t\t<a href=\"https:\/\/www.miq-ca.com\/en\/2024\/12\/05\/\">\r\n\t\t\t\t\t\t\t\t\t\t\t\t\t\t<span class=\"day\">05<\/span>\r\n\t\t\t\t\t\t\t\t\t\t\t\t\t\t<span class=\"month\">Dec<\/span>\r\n\t\t\t\t\t\t\t\t\t\t\t\t\t<\/a>\r\n\t\t\t\t\t\t\t\t\t\t\t\t<\/div>\r\n\t\t\t\t\t\t\t\t\t\t\t\t\t\t\t\t\t\t\t\t\t\t\r\n\t\t\t\t\t\t\t\t\t\t\t\t\t\t\t\t\t\t\t\t\t\t\t\t\t\t\t\t<div class=\"content\">\r\n\t\t\t\t\t\t\t\t\t\t\t\t\t\t\t\t\t\t\t\t\t\t\t\t\t\t\t\t\t\t\t\t\t<ul class=\"post-meta\">\r\n\t\t\t\t\t\t\t\t\t\t\t\t\t\t\t\t\t\t\t\t\t\t\t\t\t\t<li class=\"post-author\">\r\n\t\t\t\t\t\t\t\t\t\t\t\t\t\t<i class=\"far fa-user-circle\" aria-hidden=\"true\"><\/i>\t\t\t\t\t\t\t\t\t\t\t\t\t\t<a href=\"https:\/\/www.miq-ca.com\/en\/author\/miq\/\">MIQ<\/a>\r\n\t\t\t\t\t\t\t\t\t\t\t\t\t<\/li>\r\n\t\t\t\t\t\t\t\t\t\t\t\t\t\r\n\t\t\t\t\t\t\t\t\t\t\t\t\t\r\n\t\t\t\t\t\t\t\t\t\t\t\t\t\t\t\t\t\t\t\t\t\t\t\t\t\t<li class=\"post-date\">\r\n\t\t\t\t\t\t\t\t\t\t\t\t\t\t\t\t\t\t\t\t\t\t\t\t\t\t\t\t<i class=\"far fa-calendar-alt\" aria-hidden=\"true\"><\/i>\t\t\t\t\t\t\t\t\t\t\t\t\t\t<a href=\"https:\/\/www.miq-ca.com\/en\/2024\/12\/05\/\">5 December 2024<\/a>\r\n\r\n\t\t\t\t\t\t\t\t\t\t\t\t\t<\/li>\t\t\t\t\t\t\t\t\t\t\r\n\t\t\t\t\t\t\t\t\t\t\t\t\t\r\n\t\t\t\t\t\t\t\t\t\t\t\t\t\t\t\t\t\t\t\t\t\t\t\t\t<\/ul>\r\n\t\t\t\t\t\t\t\t\t\t\t\t\t\t\t\t\t\r\n\t\t\t\t\t\t\t\t\t\t\r\n\t\t\t\t\t\t\t\t\t\t\t\t\t\t\t\t\t\t\t\t\t<h2 class=\"title\"><a href=\"https:\/\/www.miq-ca.com\/en\/blasting-work-st-vianney\/\" title=\"The blasting operations have begun in Saint-Vianney.\">The blasting operations have begun in Saint-Vianney.<\/a><\/h2>\r\n\t\t\t\t\t\t\t\t\t\t\r\n\t\t\t\t\t\t\t\t\t\t\t\t\t\t\t\t\t\t\t\t\t\t\t\t\t\t\t\r\n\t\t\t\t\t\t\t\t\t\t\r\n\t\t\t\t\t\t\t\t\t\t\r\n\t\t\t\t\t\t\t\t\t\t\t\t\t\t\t\t\t\t\t\t\r\n\t\t\t\t\t\t\t\t\t\t\t\t\t\t\t\t\r\n\t\t\t\t\t\t\t\t\t<\/div>\r\n\t\t\t\t\t\t\t\t\t\t\t\t\t\t\t\t\r\n\t\t\t\t\t<\/div>\r\n\t\t\t\t<\/div>\r\n\t\t\t\t\t\t\t\t<div class=\"column\">\r\n\t\t\t\t\t<div class=\"entry blog-post\">\r\n\t\t\t\t\t\t\t\t\t\t\t\t\t\t\t\t\t\t\t\t\t\t\t\t\t\t\t<div class=\"featured-post\">\r\n\t\t\t\t\t\t\t\t\t\t\t\t<img decoding=\"async\" src=\"https:\/\/www.miq-ca.com\/wp-content\/uploads\/2022\/09\/IMG_0379-1-1024x452.jpeg\" alt=\"image\">\t\t\t\t\t\t\t\t\t\t\t\t\t\t\t\t\t\t\t\t\t\r\n\t\t\t\t\t\t\t\t\t\t\t<\/div>\r\n\t\t\t\t\t\t\t\t\t\t\t\t\t\t\t\t\t\t\t\t\t\t\t<div class=\"box-time\">\r\n\t\t\t\t\t\t\t\t\t\t\t\t\t\t\t\t\t\t\t\t\t\t\t\t\t\t<a href=\"https:\/\/www.miq-ca.com\/en\/2024\/12\/05\/\">\r\n\t\t\t\t\t\t\t\t\t\t\t\t\t\t<span class=\"day\">05<\/span>\r\n\t\t\t\t\t\t\t\t\t\t\t\t\t\t<span class=\"month\">Dec<\/span>\r\n\t\t\t\t\t\t\t\t\t\t\t\t\t<\/a>\r\n\t\t\t\t\t\t\t\t\t\t\t\t<\/div>\r\n\t\t\t\t\t\t\t\t\t\t\t\t\t\t\t\t\t\t\t\t\t\t\r\n\t\t\t\t\t\t\t\t\t\t\t\t\t\t\t\t\t\t\t\t\t\t\t\t\t\t\t\t<div class=\"content\">\r\n\t\t\t\t\t\t\t\t\t\t\t\t\t\t\t\t\t\t\t\t\t\t\t\t\t\t\t\t\t\t\t\t\t<ul class=\"post-meta\">\r\n\t\t\t\t\t\t\t\t\t\t\t\t\t\t\t\t\t\t\t\t\t\t\t\t\t\t<li class=\"post-author\">\r\n\t\t\t\t\t\t\t\t\t\t\t\t\t\t<i class=\"far fa-user-circle\" aria-hidden=\"true\"><\/i>\t\t\t\t\t\t\t\t\t\t\t\t\t\t<a href=\"https:\/\/www.miq-ca.com\/en\/author\/miq\/\">MIQ<\/a>\r\n\t\t\t\t\t\t\t\t\t\t\t\t\t<\/li>\r\n\t\t\t\t\t\t\t\t\t\t\t\t\t\r\n\t\t\t\t\t\t\t\t\t\t\t\t\t\r\n\t\t\t\t\t\t\t\t\t\t\t\t\t\t\t\t\t\t\t\t\t\t\t\t\t\t<li class=\"post-date\">\r\n\t\t\t\t\t\t\t\t\t\t\t\t\t\t\t\t\t\t\t\t\t\t\t\t\t\t\t\t<i class=\"far fa-calendar-alt\" aria-hidden=\"true\"><\/i>\t\t\t\t\t\t\t\t\t\t\t\t\t\t<a href=\"https:\/\/www.miq-ca.com\/en\/2024\/12\/05\/\">5 December 2024<\/a>\r\n\r\n\t\t\t\t\t\t\t\t\t\t\t\t\t<\/li>\t\t\t\t\t\t\t\t\t\t\r\n\t\t\t\t\t\t\t\t\t\t\t\t\t\r\n\t\t\t\t\t\t\t\t\t\t\t\t\t\t\t\t\t\t\t\t\t\t\t\t\t<\/ul>\r\n\t\t\t\t\t\t\t\t\t\t\t\t\t\t\t\t\t\r\n\t\t\t\t\t\t\t\t\t\t\r\n\t\t\t\t\t\t\t\t\t\t\t\t\t\t\t\t\t\t\t\t\t<h2 class=\"title\"><a href=\"https:\/\/www.miq-ca.com\/en\/open-doors-miq\/\" title=\"MIQ Opens the Doors of the Langis Quarry to the Public\">MIQ Opens the Doors of the Langis Quarry to the Public<\/a><\/h2>\r\n\t\t\t\t\t\t\t\t\t\t\r\n\t\t\t\t\t\t\t\t\t\t\t\t\t\t\t\t\t\t\t\t\t\t\t\t\t\t\t\r\n\t\t\t\t\t\t\t\t\t\t\r\n\t\t\t\t\t\t\t\t\t\t\r\n\t\t\t\t\t\t\t\t\t\t\t\t\t\t\t\t\t\t\t\t\r\n\t\t\t\t\t\t\t\t\t\t\t\t\t\t\t\t\r\n\t\t\t\t\t\t\t\t\t<\/div>\r\n\t\t\t\t\t\t\t\t\t\t\t\t\t\t\t\t\r\n\t\t\t\t\t<\/div>\r\n\t\t\t\t<\/div>\r\n\t\t\t\t\t\t\t\t\t\t\t<\/div>\r\n\r\n\t\t\t\t\t\t<nav class=\"navigation navigation-numeric-link\" role=\"navigation\">\r\n\t\t\t\t<div class=\"pagination loop-pagination center\">\r\n\t\t\t\t\t\t\t\t<\/div>\r\n\t\t\t<\/nav>\r\n\t\t\t\t\t<\/div>\r\n\r\n\t\t\t\t<\/div>\n\t\t\t\t<\/div>\n\t\t\t\t\t<\/div>\n\t\t<\/div>\n\t\t\t\t\t\t\t<\/div>\n\t\t<\/section>\n\t\t\t\t\t\t\t<\/div>\n\t\t","protected":false},"excerpt":{"rendered":"<p>Home News 23 Sep mlbwdev 23 septembre 2022 MIQ ouvre les portes de la carri\u00e8re Langis au grand public 01 Juin mlbwdev 1 juin 2019 Les travaux de dynamitage ont d\u00e9but\u00e9 \u00e0 Saint-Vianney 10 Mai mlbwdev 10 mai 2019 MIQ fait l&rsquo;acquisition d&rsquo;un gisement de silice<\/p>\n","protected":false},"author":1,"featured_media":701,"parent":0,"menu_order":0,"comment_status":"closed","ping_status":"closed","template":"elementor_header_footer","meta":{"inline_featured_image":false,"footnotes":""},"yoast_head":"<!-- This site is optimized with the Yoast SEO plugin v21.1 - https:\/\/yoast.com\/wordpress\/plugins\/seo\/ -->\n<title>News - Les Min\u00e9raux Industriels du Qu\u00e9bec Inc.<\/title>\n<meta name=\"robots\" content=\"index, follow, max-snippet:-1, max-image-preview:large, max-video-preview:-1\" \/>\n<link rel=\"canonical\" href=\"https:\/\/www.miq-ca.com\/en\/news\/\" \/>\n<meta property=\"og:locale\" content=\"en_US\" \/>\n<meta property=\"og:type\" content=\"article\" \/>\n<meta property=\"og:title\" content=\"News - Les Min\u00e9raux Industriels du Qu\u00e9bec Inc.\" \/>\n<meta property=\"og:description\" content=\"Home News 23 Sep mlbwdev 23 septembre 2022 MIQ ouvre les portes de la carri\u00e8re Langis au grand public 01 Juin mlbwdev 1 juin 2019 Les travaux de dynamitage ont d\u00e9but\u00e9 \u00e0 Saint-Vianney 10 Mai mlbwdev 10 mai 2019 MIQ fait l&rsquo;acquisition d&rsquo;un gisement de silice\" \/>\n<meta property=\"og:url\" content=\"https:\/\/www.miq-ca.com\/en\/news\/\" \/>\n<meta property=\"og:site_name\" content=\"Les Min\u00e9raux Industriels du Qu\u00e9bec Inc.\" \/>\n<meta property=\"article:modified_time\" content=\"2023-08-08T19:31:53+00:00\" \/>\n<meta property=\"og:image\" content=\"https:\/\/www.miq-ca.com\/wp-content\/uploads\/2022\/09\/logo-miq-header.jpg\" \/>\n\t<meta property=\"og:image:width\" content=\"132\" \/>\n\t<meta property=\"og:image:height\" content=\"86\" \/>\n\t<meta property=\"og:image:type\" content=\"image\/jpeg\" \/>\n<meta name=\"twitter:card\" content=\"summary_large_image\" \/>\n<meta name=\"twitter:label1\" content=\"Est. reading time\" \/>\n\t<meta name=\"twitter:data1\" content=\"1 minute\" \/>\n<script type=\"application\/ld+json\" class=\"yoast-schema-graph\">{\"@context\":\"https:\/\/schema.org\",\"@graph\":[{\"@type\":\"WebPage\",\"@id\":\"https:\/\/www.miq-ca.com\/en\/news\/\",\"url\":\"https:\/\/www.miq-ca.com\/en\/news\/\",\"name\":\"News - Les Min\u00e9raux Industriels du Qu\u00e9bec Inc.\",\"isPartOf\":{\"@id\":\"https:\/\/www.miq-ca.com\/en\/#website\"},\"datePublished\":\"2022-11-10T18:30:55+00:00\",\"dateModified\":\"2023-08-08T19:31:53+00:00\",\"breadcrumb\":{\"@id\":\"https:\/\/www.miq-ca.com\/en\/news\/#breadcrumb\"},\"inLanguage\":\"en-CA\",\"potentialAction\":[{\"@type\":\"ReadAction\",\"target\":[\"https:\/\/www.miq-ca.com\/en\/news\/\"]}]},{\"@type\":\"BreadcrumbList\",\"@id\":\"https:\/\/www.miq-ca.com\/en\/news\/#breadcrumb\",\"itemListElement\":[{\"@type\":\"ListItem\",\"position\":1,\"name\":\"Accueil\",\"item\":\"https:\/\/www.miq-ca.com\/en\/\"},{\"@type\":\"ListItem\",\"position\":2,\"name\":\"News\"}]},{\"@type\":\"WebSite\",\"@id\":\"https:\/\/www.miq-ca.com\/en\/#website\",\"url\":\"https:\/\/www.miq-ca.com\/en\/\",\"name\":\"Les Min\u00e9raux Industriels du Qu\u00e9bec Inc.\",\"description\":\"\",\"publisher\":{\"@id\":\"https:\/\/www.miq-ca.com\/en\/#organization\"},\"potentialAction\":[{\"@type\":\"SearchAction\",\"target\":{\"@type\":\"EntryPoint\",\"urlTemplate\":\"https:\/\/www.miq-ca.com\/en\/?s={search_term_string}\"},\"query-input\":\"required name=search_term_string\"}],\"inLanguage\":\"en-CA\"},{\"@type\":\"Organization\",\"@id\":\"https:\/\/www.miq-ca.com\/en\/#organization\",\"name\":\"Les Min\u00e9raux Industriels du Qu\u00e9bec Inc.\",\"url\":\"https:\/\/www.miq-ca.com\/en\/\",\"logo\":{\"@type\":\"ImageObject\",\"inLanguage\":\"en-CA\",\"@id\":\"https:\/\/www.miq-ca.com\/en\/#\/schema\/logo\/image\/\",\"url\":\"https:\/\/www.miq-ca.com\/wp-content\/uploads\/2022\/09\/MIQ-horizontal.svg\",\"contentUrl\":\"https:\/\/www.miq-ca.com\/wp-content\/uploads\/2022\/09\/MIQ-horizontal.svg\",\"width\":4390,\"height\":1000,\"caption\":\"Les Min\u00e9raux Industriels du Qu\u00e9bec Inc.\"},\"image\":{\"@id\":\"https:\/\/www.miq-ca.com\/en\/#\/schema\/logo\/image\/\"}}]}<\/script>\n<!-- \/ Yoast SEO plugin. -->","yoast_head_json":{"title":"News - Les Min\u00e9raux Industriels du Qu\u00e9bec Inc.","robots":{"index":"index","follow":"follow","max-snippet":"max-snippet:-1","max-image-preview":"max-image-preview:large","max-video-preview":"max-video-preview:-1"},"canonical":"https:\/\/www.miq-ca.com\/en\/news\/","og_locale":"en_US","og_type":"article","og_title":"News - Les Min\u00e9raux Industriels du Qu\u00e9bec Inc.","og_description":"Home News 23 Sep mlbwdev 23 septembre 2022 MIQ ouvre les portes de la carri\u00e8re Langis au grand public 01 Juin mlbwdev 1 juin 2019 Les travaux de dynamitage ont d\u00e9but\u00e9 \u00e0 Saint-Vianney 10 Mai mlbwdev 10 mai 2019 MIQ fait l&rsquo;acquisition d&rsquo;un gisement de silice","og_url":"https:\/\/www.miq-ca.com\/en\/news\/","og_site_name":"Les Min\u00e9raux Industriels du Qu\u00e9bec Inc.","article_modified_time":"2023-08-08T19:31:53+00:00","og_image":[{"width":132,"height":86,"url":"https:\/\/www.miq-ca.com\/wp-content\/uploads\/2022\/09\/logo-miq-header.jpg","type":"image\/jpeg"}],"twitter_card":"summary_large_image","twitter_misc":{"Est. reading time":"1 minute"},"schema":{"@context":"https:\/\/schema.org","@graph":[{"@type":"WebPage","@id":"https:\/\/www.miq-ca.com\/en\/news\/","url":"https:\/\/www.miq-ca.com\/en\/news\/","name":"News - Les Min\u00e9raux Industriels du Qu\u00e9bec Inc.","isPartOf":{"@id":"https:\/\/www.miq-ca.com\/en\/#website"},"datePublished":"2022-11-10T18:30:55+00:00","dateModified":"2023-08-08T19:31:53+00:00","breadcrumb":{"@id":"https:\/\/www.miq-ca.com\/en\/news\/#breadcrumb"},"inLanguage":"en-CA","potentialAction":[{"@type":"ReadAction","target":["https:\/\/www.miq-ca.com\/en\/news\/"]}]},{"@type":"BreadcrumbList","@id":"https:\/\/www.miq-ca.com\/en\/news\/#breadcrumb","itemListElement":[{"@type":"ListItem","position":1,"name":"Accueil","item":"https:\/\/www.miq-ca.com\/en\/"},{"@type":"ListItem","position":2,"name":"News"}]},{"@type":"WebSite","@id":"https:\/\/www.miq-ca.com\/en\/#website","url":"https:\/\/www.miq-ca.com\/en\/","name":"Les Min\u00e9raux Industriels du Qu\u00e9bec Inc.","description":"","publisher":{"@id":"https:\/\/www.miq-ca.com\/en\/#organization"},"potentialAction":[{"@type":"SearchAction","target":{"@type":"EntryPoint","urlTemplate":"https:\/\/www.miq-ca.com\/en\/?s={search_term_string}"},"query-input":"required name=search_term_string"}],"inLanguage":"en-CA"},{"@type":"Organization","@id":"https:\/\/www.miq-ca.com\/en\/#organization","name":"Les Min\u00e9raux Industriels du Qu\u00e9bec Inc.","url":"https:\/\/www.miq-ca.com\/en\/","logo":{"@type":"ImageObject","inLanguage":"en-CA","@id":"https:\/\/www.miq-ca.com\/en\/#\/schema\/logo\/image\/","url":"https:\/\/www.miq-ca.com\/wp-content\/uploads\/2022\/09\/MIQ-horizontal.svg","contentUrl":"https:\/\/www.miq-ca.com\/wp-content\/uploads\/2022\/09\/MIQ-horizontal.svg","width":4390,"height":1000,"caption":"Les Min\u00e9raux Industriels du Qu\u00e9bec Inc."},"image":{"@id":"https:\/\/www.miq-ca.com\/en\/#\/schema\/logo\/image\/"}}]}},"_links":{"self":[{"href":"https:\/\/www.miq-ca.com\/en\/wp-json\/wp\/v2\/pages\/1334"}],"collection":[{"href":"https:\/\/www.miq-ca.com\/en\/wp-json\/wp\/v2\/pages"}],"about":[{"href":"https:\/\/www.miq-ca.com\/en\/wp-json\/wp\/v2\/types\/page"}],"author":[{"embeddable":true,"href":"https:\/\/www.miq-ca.com\/en\/wp-json\/wp\/v2\/users\/1"}],"replies":[{"embeddable":true,"href":"https:\/\/www.miq-ca.com\/en\/wp-json\/wp\/v2\/comments?post=1334"}],"version-history":[{"count":4,"href":"https:\/\/www.miq-ca.com\/en\/wp-json\/wp\/v2\/pages\/1334\/revisions"}],"predecessor-version":[{"id":1875,"href":"https:\/\/www.miq-ca.com\/en\/wp-json\/wp\/v2\/pages\/1334\/revisions\/1875"}],"wp:featuredmedia":[{"embeddable":true,"href":"https:\/\/www.miq-ca.com\/en\/wp-json\/wp\/v2\/media\/701"}],"wp:attachment":[{"href":"https:\/\/www.miq-ca.com\/en\/wp-json\/wp\/v2\/media?parent=1334"}],"curies":[{"name":"wp","href":"https:\/\/api.w.org\/{rel}","templated":true}]}}